{"id":971,"date":"2021-06-03T12:45:54","date_gmt":"2021-06-03T12:45:54","guid":{"rendered":"https:\/\/rlosolivos.com\/?page_id=971"},"modified":"2024-09-04T17:18:01","modified_gmt":"2024-09-04T17:18:01","slug":"instal%c2%b7lacions","status":"publish","type":"page","link":"https:\/\/rlosolivos.com\/ca\/instal%c2%b7lacions\/","title":{"rendered":"Instal\u00b7lacions"},"content":{"rendered":"<div class=\"wpb-content-wrapper\"><p>[vc_row css_animation=&#8221;&#8221; row_type=&#8221;row&#8221; use_row_as_full_screen_section=&#8221;no&#8221; type=&#8221;grid&#8221; angled_section=&#8221;no&#8221; text_align=&#8221;left&#8221; background_image_as_pattern=&#8221;without_pattern&#8221; z_index=&#8221;&#8221;][vc_column][vc_empty_space height=&#8221;60px&#8221;][vc_column_text]<\/p>\n<p style=\"text-align: center;\">El centre compta amb diferents sales referents a l&#8217;oci, 2 sales de TV, sala de lectura, 2 sales d&#8217;activitats\u00a0en les quals\u00a0es realitzen cinema, teatre, ball i similars. Tamb\u00e9 posseeix altres zones destinades a la recreaci\u00f3, com el jard\u00ed, i el gimn\u00e0s.<\/p>\n<p style=\"text-align: center;\">Tenim habitacions individuals i habitacions dobles, amb tel\u00e8fon i int\u00e8rfon. Algunes disposen de bany privat.<\/p>\n<p style=\"text-align: center;\">El centre t\u00e9 instal\u00b7lades c\u00e0meres de vigil\u00e0ncia en tots els passadissos i estances comunes, per a millor control i seguretat dels residents.<\/p>\n<p>[\/vc_column_text][vc_empty_space height=&#8221;60px&#8221;][\/vc_column][\/vc_row][vc_row css_animation=&#8221;element_from_bottom&#8221; row_type=&#8221;row&#8221; use_row_as_full_screen_section=&#8221;no&#8221; type=&#8221;grid&#8221; angled_section=&#8221;no&#8221; text_align=&#8221;center&#8221; background_image_as_pattern=&#8221;without_pattern&#8221; z_index=&#8221;&#8221; css=&#8221;.vc_custom_1620917788541{background-color: #f5f5f5 !important;}&#8221;][vc_column][vc_empty_space][vc_column_text]<\/p>\n<h2 style=\"text-align: center;\">Habitacions individuals y dobles<\/h2>\n<p>[\/vc_column_text][vc_separator type=&#8221;small&#8221; position=&#8221;center&#8221; width_in_percentages=&#8221;yes&#8221; color=&#8221;#000000&#8243; thickness=&#8221;1,5&#8243; width=&#8221;5&#8243;][vc_empty_space]<div class=\"qode-advanced-image-gallery  qode-aig-masonry-type qode-small-space  qode-image-behavior-lightbox \">\n\t<div class=\"qode-aig-inner qode-outer-space qode-aig-masonry qode-aig-three-columns\">\n\t\t<div class=\"qode-aig-grid-sizer\"><\/div>\n\t\t<div class=\"qode-aig-grid-gutter\"><\/div>\n\t\t\t\t\t\t\t\t<div class=\"qode-aig-image qode-item-space qode-aig-default-masonry-item\">\n\t\t\t\t<div class=\"qode-aig-image-inner\">\n\t\t\t\t\t\t\t\t\t\t\t<a itemprop=\"image\" class=\"qode-aig-lightbox\" href=\"https:\/\/rlosolivos.com\/wp-content\/uploads\/2021\/06\/IMG_4390-scaled.jpg\" data-rel=\"prettyPhoto[image_gallery_pretty_photo-126]\" title=\"Habitaci\u00f3 individual\">\n\t\t\t\t\t\t\t\t\t\t\t<img loading=\"lazy\" decoding=\"async\" src=\"https:\/\/rlosolivos.com\/wp-content\/uploads\/2021\/06\/IMG_4390-scaled-353x265.jpg\" alt=\"Habitaci\u00f3 individual\" width=\"353\" height=\"265\" \/>\t\t\t\t\t\t<span class=\"aig-gallery-hover\">\n\t\t\t\t\t\t\t\t\t\t\t\t\t<\/span>\n\t\t\t\t\t\t\t\t\t\t\t<\/a>\n\t\t\t\t\t\t\t\t\t<\/div>\n\t\t\t<\/div>\n\t\t\t\t\t\t\t\t<div class=\"qode-aig-image qode-item-space qode-aig-default-masonry-item\">\n\t\t\t\t<div class=\"qode-aig-image-inner\">\n\t\t\t\t\t\t\t\t\t\t\t<a itemprop=\"image\" class=\"qode-aig-lightbox\" href=\"https:\/\/rlosolivos.com\/wp-content\/uploads\/2021\/06\/8b6424a2-f12d-42d4-b0b4-69afec77a701.jpg\" data-rel=\"prettyPhoto[image_gallery_pretty_photo-126]\" title=\"Habitaci\u00f3 doble\">\n\t\t\t\t\t\t\t\t\t\t\t<img loading=\"lazy\" decoding=\"async\" src=\"https:\/\/rlosolivos.com\/wp-content\/uploads\/2021\/06\/8b6424a2-f12d-42d4-b0b4-69afec77a701-353x265.jpg\" alt=\"habitaci\u00f3 doble\" width=\"353\" height=\"265\" \/>\t\t\t\t\t\t<span class=\"aig-gallery-hover\">\n\t\t\t\t\t\t\t\t\t\t\t\t\t<\/span>\n\t\t\t\t\t\t\t\t\t\t\t<\/a>\n\t\t\t\t\t\t\t\t\t<\/div>\n\t\t\t<\/div>\n\t\t\t\t\t\t\t\t<div class=\"qode-aig-image qode-item-space qode-aig-default-masonry-item\">\n\t\t\t\t<div class=\"qode-aig-image-inner\">\n\t\t\t\t\t\t\t\t\t\t\t<a itemprop=\"image\" class=\"qode-aig-lightbox\" href=\"https:\/\/rlosolivos.com\/wp-content\/uploads\/2021\/04\/5d2c5422-46f4-4b2b-8597-5d87c87ed65c.jpg\" data-rel=\"prettyPhoto[image_gallery_pretty_photo-126]\" title=\"Habitaci\u00f3 doble\">\n\t\t\t\t\t\t\t\t\t\t\t<img loading=\"lazy\" decoding=\"async\" src=\"https:\/\/rlosolivos.com\/wp-content\/uploads\/2021\/04\/5d2c5422-46f4-4b2b-8597-5d87c87ed65c-353x265.jpg\" alt=\"Habitaci\u00f3 doble\" width=\"353\" height=\"265\" \/>\t\t\t\t\t\t<span class=\"aig-gallery-hover\">\n\t\t\t\t\t\t\t\t\t\t\t\t\t<\/span>\n\t\t\t\t\t\t\t\t\t\t\t<\/a>\n\t\t\t\t\t\t\t\t\t<\/div>\n\t\t\t<\/div>\n\t\t\t<\/div>\n<\/div>[vc_empty_space][\/vc_column][\/vc_row][vc_row css_animation=&#8221;element_from_bottom&#8221; row_type=&#8221;row&#8221; use_row_as_full_screen_section=&#8221;no&#8221; type=&#8221;grid&#8221; angled_section=&#8221;no&#8221; text_align=&#8221;center&#8221; background_image_as_pattern=&#8221;without_pattern&#8221; z_index=&#8221;&#8221; css=&#8221;.vc_custom_1620917788541{background-color: #f5f5f5 !important;}&#8221;][vc_column][vc_column_text]<\/p>\n<h2 style=\"text-align: center;\">Exteriors<\/h2>\n<p>[\/vc_column_text][vc_separator type=&#8221;small&#8221; position=&#8221;center&#8221; width_in_percentages=&#8221;yes&#8221; color=&#8221;#000000&#8243; thickness=&#8221;1,5&#8243; width=&#8221;5&#8243;][vc_empty_space]<div class=\"qode-advanced-image-gallery  qode-aig-masonry-type qode-small-space qode-has-shadow qode-image-behavior-lightbox \">\n\t<div class=\"qode-aig-inner qode-outer-space qode-aig-masonry qode-aig-three-columns\">\n\t\t<div class=\"qode-aig-grid-sizer\"><\/div>\n\t\t<div class=\"qode-aig-grid-gutter\"><\/div>\n\t\t\t\t\t\t\t\t<div class=\"qode-aig-image qode-item-space qode-aig-default-masonry-item\">\n\t\t\t\t<div class=\"qode-aig-image-inner\">\n\t\t\t\t\t\t\t\t\t\t\t<a itemprop=\"image\" class=\"qode-aig-lightbox\" href=\"https:\/\/rlosolivos.com\/wp-content\/uploads\/2021\/05\/DSC00315-scaled.jpg\" data-rel=\"prettyPhoto[image_gallery_pretty_photo-815]\" title=\"exteriores\">\n\t\t\t\t\t\t\t\t\t\t\t<img loading=\"lazy\" decoding=\"async\" src=\"https:\/\/rlosolivos.com\/wp-content\/uploads\/2021\/05\/DSC00315-scaled-353x265.jpg\" alt=\"\" width=\"353\" height=\"265\" \/>\t\t\t\t\t\t<span class=\"aig-gallery-hover\">\n\t\t\t\t\t\t\t\t\t\t\t\t\t<\/span>\n\t\t\t\t\t\t\t\t\t\t\t<\/a>\n\t\t\t\t\t\t\t\t\t<\/div>\n\t\t\t<\/div>\n\t\t\t\t\t\t\t\t<div class=\"qode-aig-image qode-item-space qode-aig-default-masonry-item\">\n\t\t\t\t<div class=\"qode-aig-image-inner\">\n\t\t\t\t\t\t\t\t\t\t\t<a itemprop=\"image\" class=\"qode-aig-lightbox\" href=\"https:\/\/rlosolivos.com\/wp-content\/uploads\/2021\/05\/DSC00317-scaled.jpg\" data-rel=\"prettyPhoto[image_gallery_pretty_photo-815]\" title=\"exteriores\">\n\t\t\t\t\t\t\t\t\t\t\t<img loading=\"lazy\" decoding=\"async\" src=\"https:\/\/rlosolivos.com\/wp-content\/uploads\/2021\/05\/DSC00317-scaled-353x265.jpg\" alt=\"exterior\" width=\"353\" height=\"265\" \/>\t\t\t\t\t\t<span class=\"aig-gallery-hover\">\n\t\t\t\t\t\t\t\t\t\t\t\t\t<\/span>\n\t\t\t\t\t\t\t\t\t\t\t<\/a>\n\t\t\t\t\t\t\t\t\t<\/div>\n\t\t\t<\/div>\n\t\t\t\t\t\t\t\t<div class=\"qode-aig-image qode-item-space qode-aig-default-masonry-item\">\n\t\t\t\t<div class=\"qode-aig-image-inner\">\n\t\t\t\t\t\t\t\t\t\t\t<a itemprop=\"image\" class=\"qode-aig-lightbox\" href=\"https:\/\/rlosolivos.com\/wp-content\/uploads\/2021\/05\/DSC00316-scaled.jpg\" data-rel=\"prettyPhoto[image_gallery_pretty_photo-815]\" title=\"exteriores\">\n\t\t\t\t\t\t\t\t\t\t\t<img loading=\"lazy\" decoding=\"async\" src=\"https:\/\/rlosolivos.com\/wp-content\/uploads\/2021\/05\/DSC00316-scaled-353x265.jpg\" alt=\"exterior\" width=\"353\" height=\"265\" \/>\t\t\t\t\t\t<span class=\"aig-gallery-hover\">\n\t\t\t\t\t\t\t\t\t\t\t\t\t<\/span>\n\t\t\t\t\t\t\t\t\t\t\t<\/a>\n\t\t\t\t\t\t\t\t\t<\/div>\n\t\t\t<\/div>\n\t\t\t\t\t\t\t\t<div class=\"qode-aig-image qode-item-space qode-aig-default-masonry-item\">\n\t\t\t\t<div class=\"qode-aig-image-inner\">\n\t\t\t\t\t\t\t\t\t\t\t<a itemprop=\"image\" class=\"qode-aig-lightbox\" href=\"https:\/\/rlosolivos.com\/wp-content\/uploads\/2021\/04\/Captura-de-pantalla-2021-04-22-a-las-10.38.40.png\" data-rel=\"prettyPhoto[image_gallery_pretty_photo-815]\" title=\"Terraza\">\n\t\t\t\t\t\t\t\t\t\t\t<img loading=\"lazy\" decoding=\"async\" src=\"https:\/\/rlosolivos.com\/wp-content\/uploads\/2021\/04\/Captura-de-pantalla-2021-04-22-a-las-10.38.40-353x265.png\" alt=\"\" width=\"353\" height=\"265\" \/>\t\t\t\t\t\t<span class=\"aig-gallery-hover\">\n\t\t\t\t\t\t\t\t\t\t\t\t\t<\/span>\n\t\t\t\t\t\t\t\t\t\t\t<\/a>\n\t\t\t\t\t\t\t\t\t<\/div>\n\t\t\t<\/div>\n\t\t\t\t\t\t\t\t<div class=\"qode-aig-image qode-item-space qode-aig-default-masonry-item\">\n\t\t\t\t<div class=\"qode-aig-image-inner\">\n\t\t\t\t\t\t\t\t\t\t\t<a itemprop=\"image\" class=\"qode-aig-lightbox\" href=\"https:\/\/rlosolivos.com\/wp-content\/uploads\/2021\/04\/DSC00314-scaled-e1620811103637.jpg\" data-rel=\"prettyPhoto[image_gallery_pretty_photo-815]\" title=\"DSC00314\">\n\t\t\t\t\t\t\t\t\t\t\t<img loading=\"lazy\" decoding=\"async\" src=\"https:\/\/rlosolivos.com\/wp-content\/uploads\/2021\/04\/DSC00314-scaled-e1620811103637-353x265.jpg\" alt=\"\" width=\"353\" height=\"265\" \/>\t\t\t\t\t\t<span class=\"aig-gallery-hover\">\n\t\t\t\t\t\t\t\t\t\t\t\t\t<\/span>\n\t\t\t\t\t\t\t\t\t\t\t<\/a>\n\t\t\t\t\t\t\t\t\t<\/div>\n\t\t\t<\/div>\n\t\t\t\t\t\t\t\t<div class=\"qode-aig-image qode-item-space qode-aig-default-masonry-item\">\n\t\t\t\t<div class=\"qode-aig-image-inner\">\n\t\t\t\t\t\t\t\t\t\t\t<a itemprop=\"image\" class=\"qode-aig-lightbox\" href=\"https:\/\/rlosolivos.com\/wp-content\/uploads\/2021\/04\/Captura-de-pantalla-2021-04-08-a-las-11.33.35.png\" data-rel=\"prettyPhoto[image_gallery_pretty_photo-815]\" title=\"Captura de pantalla 2021-04-08 a las 11.33.35\">\n\t\t\t\t\t\t\t\t\t\t\t<img loading=\"lazy\" decoding=\"async\" src=\"https:\/\/rlosolivos.com\/wp-content\/uploads\/2021\/04\/Captura-de-pantalla-2021-04-08-a-las-11.33.35-353x265.png\" alt=\"Exterior\" width=\"353\" height=\"265\" \/>\t\t\t\t\t\t<span class=\"aig-gallery-hover\">\n\t\t\t\t\t\t\t\t\t\t\t\t\t<\/span>\n\t\t\t\t\t\t\t\t\t\t\t<\/a>\n\t\t\t\t\t\t\t\t\t<\/div>\n\t\t\t<\/div>\n\t\t\t<\/div>\n<\/div>[vc_empty_space][\/vc_column][\/vc_row][vc_row css_animation=&#8221;element_from_bottom&#8221; row_type=&#8221;row&#8221; use_row_as_full_screen_section=&#8221;no&#8221; type=&#8221;grid&#8221; angled_section=&#8221;no&#8221; text_align=&#8221;center&#8221; background_image_as_pattern=&#8221;without_pattern&#8221; z_index=&#8221;&#8221; css=&#8221;.vc_custom_1620917788541{background-color: #f5f5f5 !important;}&#8221;][vc_column][vc_column_text]<\/p>\n<h2 style=\"text-align: center;\">Gimn\u00e0s i cuina<\/h2>\n<p>[\/vc_column_text][vc_separator type=&#8221;small&#8221; position=&#8221;center&#8221; width_in_percentages=&#8221;yes&#8221; color=&#8221;#000000&#8243; thickness=&#8221;1,5&#8243; width=&#8221;5&#8243;][vc_empty_space]<div class=\"qode-advanced-image-gallery  qode-aig-masonry-type qode-small-space qode-has-shadow qode-image-behavior-lightbox \">\n\t<div class=\"qode-aig-inner qode-outer-space qode-aig-masonry qode-aig-three-columns\">\n\t\t<div class=\"qode-aig-grid-sizer\"><\/div>\n\t\t<div class=\"qode-aig-grid-gutter\"><\/div>\n\t\t\t\t\t\t\t\t<div class=\"qode-aig-image qode-item-space qode-aig-default-masonry-item\">\n\t\t\t\t<div class=\"qode-aig-image-inner\">\n\t\t\t\t\t\t\t\t\t\t\t<a itemprop=\"image\" class=\"qode-aig-lightbox\" href=\"https:\/\/rlosolivos.com\/wp-content\/uploads\/2021\/04\/Captura-de-pantalla-2021-04-22-a-las-10.16.21.png\" data-rel=\"prettyPhoto[image_gallery_pretty_photo-491]\" title=\"\">\n\t\t\t\t\t\t\t\t\t\t\t<img loading=\"lazy\" decoding=\"async\" src=\"https:\/\/rlosolivos.com\/wp-content\/uploads\/2021\/04\/Captura-de-pantalla-2021-04-22-a-las-10.16.21-353x265.png\" alt=\"Gimnasio\" width=\"353\" height=\"265\" \/>\t\t\t\t\t\t<span class=\"aig-gallery-hover\">\n\t\t\t\t\t\t\t\t\t\t\t\t\t<\/span>\n\t\t\t\t\t\t\t\t\t\t\t<\/a>\n\t\t\t\t\t\t\t\t\t<\/div>\n\t\t\t<\/div>\n\t\t\t\t\t\t\t\t<div class=\"qode-aig-image qode-item-space qode-aig-default-masonry-item\">\n\t\t\t\t<div class=\"qode-aig-image-inner\">\n\t\t\t\t\t\t\t\t\t\t\t<a itemprop=\"image\" class=\"qode-aig-lightbox\" href=\"https:\/\/rlosolivos.com\/wp-content\/uploads\/2021\/04\/Captura-de-pantalla-2021-04-22-a-las-10.16.33.png\" data-rel=\"prettyPhoto[image_gallery_pretty_photo-491]\" title=\"\">\n\t\t\t\t\t\t\t\t\t\t\t<img loading=\"lazy\" decoding=\"async\" src=\"https:\/\/rlosolivos.com\/wp-content\/uploads\/2021\/04\/Captura-de-pantalla-2021-04-22-a-las-10.16.33-353x265.png\" alt=\"\" width=\"353\" height=\"265\" \/>\t\t\t\t\t\t<span class=\"aig-gallery-hover\">\n\t\t\t\t\t\t\t\t\t\t\t\t\t<\/span>\n\t\t\t\t\t\t\t\t\t\t\t<\/a>\n\t\t\t\t\t\t\t\t\t<\/div>\n\t\t\t<\/div>\n\t\t\t\t\t\t\t\t<div class=\"qode-aig-image qode-item-space qode-aig-default-masonry-item\">\n\t\t\t\t<div class=\"qode-aig-image-inner\">\n\t\t\t\t\t\t\t\t\t\t\t<a itemprop=\"image\" class=\"qode-aig-lightbox\" href=\"https:\/\/rlosolivos.com\/wp-content\/uploads\/2021\/04\/Captura-de-pantalla-2021-04-28-a-las-13.25.32.png\" data-rel=\"prettyPhoto[image_gallery_pretty_photo-491]\" title=\"\">\n\t\t\t\t\t\t\t\t\t\t\t<img loading=\"lazy\" decoding=\"async\" src=\"https:\/\/rlosolivos.com\/wp-content\/uploads\/2021\/04\/Captura-de-pantalla-2021-04-28-a-las-13.25.32-353x265.png\" alt=\"\" width=\"353\" height=\"265\" \/>\t\t\t\t\t\t<span class=\"aig-gallery-hover\">\n\t\t\t\t\t\t\t\t\t\t\t\t\t<\/span>\n\t\t\t\t\t\t\t\t\t\t\t<\/a>\n\t\t\t\t\t\t\t\t\t<\/div>\n\t\t\t<\/div>\n\t\t\t<\/div>\n<\/div>[vc_empty_space][\/vc_column][\/vc_row][vc_row css_animation=&#8221;element_from_bottom&#8221; row_type=&#8221;row&#8221; use_row_as_full_screen_section=&#8221;no&#8221; type=&#8221;grid&#8221; angled_section=&#8221;no&#8221; text_align=&#8221;center&#8221; background_image_as_pattern=&#8221;without_pattern&#8221; z_index=&#8221;&#8221; css=&#8221;.vc_custom_1620917788541{background-color: #f5f5f5 !important;}&#8221;][vc_column][vc_column_text]<\/p>\n<h2 style=\"text-align: center;\">Zones comuns<\/h2>\n<p>[\/vc_column_text][vc_separator type=&#8221;small&#8221; position=&#8221;center&#8221; width_in_percentages=&#8221;yes&#8221; color=&#8221;#000000&#8243; thickness=&#8221;1,5&#8243; width=&#8221;5&#8243;][vc_empty_space]<div class=\"qode-advanced-image-gallery  qode-aig-masonry-type qode-small-space qode-has-shadow qode-image-behavior-lightbox \">\n\t<div class=\"qode-aig-inner qode-outer-space qode-aig-masonry qode-aig-three-columns\">\n\t\t<div class=\"qode-aig-grid-sizer\"><\/div>\n\t\t<div class=\"qode-aig-grid-gutter\"><\/div>\n\t\t\t\t\t\t\t\t<div class=\"qode-aig-image qode-item-space qode-aig-default-masonry-item\">\n\t\t\t\t<div class=\"qode-aig-image-inner\">\n\t\t\t\t\t\t\t\t\t\t\t<a itemprop=\"image\" class=\"qode-aig-lightbox\" href=\"https:\/\/rlosolivos.com\/wp-content\/uploads\/2021\/05\/biblioteca.jpg\" data-rel=\"prettyPhoto[image_gallery_pretty_photo-154]\" title=\"biblioteca\">\n\t\t\t\t\t\t\t\t\t\t\t<img loading=\"lazy\" decoding=\"async\" src=\"https:\/\/rlosolivos.com\/wp-content\/uploads\/2021\/05\/biblioteca-353x265.jpg\" alt=\"\" width=\"353\" height=\"265\" \/>\t\t\t\t\t\t<span class=\"aig-gallery-hover\">\n\t\t\t\t\t\t\t\t\t\t\t\t\t<\/span>\n\t\t\t\t\t\t\t\t\t\t\t<\/a>\n\t\t\t\t\t\t\t\t\t<\/div>\n\t\t\t<\/div>\n\t\t\t\t\t\t\t\t<div class=\"qode-aig-image qode-item-space qode-aig-default-masonry-item\">\n\t\t\t\t<div class=\"qode-aig-image-inner\">\n\t\t\t\t\t\t\t\t\t\t\t<a itemprop=\"image\" class=\"qode-aig-lightbox\" href=\"https:\/\/rlosolivos.com\/wp-content\/uploads\/2021\/05\/cine.jpg\" data-rel=\"prettyPhoto[image_gallery_pretty_photo-154]\" title=\"cine\">\n\t\t\t\t\t\t\t\t\t\t\t<img loading=\"lazy\" decoding=\"async\" src=\"https:\/\/rlosolivos.com\/wp-content\/uploads\/2021\/05\/cine-353x265.jpg\" alt=\"\" width=\"353\" height=\"265\" \/>\t\t\t\t\t\t<span class=\"aig-gallery-hover\">\n\t\t\t\t\t\t\t\t\t\t\t\t\t<\/span>\n\t\t\t\t\t\t\t\t\t\t\t<\/a>\n\t\t\t\t\t\t\t\t\t<\/div>\n\t\t\t<\/div>\n\t\t\t\t\t\t\t\t<div class=\"qode-aig-image qode-item-space qode-aig-default-masonry-item\">\n\t\t\t\t<div class=\"qode-aig-image-inner\">\n\t\t\t\t\t\t\t\t\t\t\t<a itemprop=\"image\" class=\"qode-aig-lightbox\" href=\"https:\/\/rlosolivos.com\/wp-content\/uploads\/2021\/05\/cafeteria.jpg\" data-rel=\"prettyPhoto[image_gallery_pretty_photo-154]\" title=\"cafeteria\">\n\t\t\t\t\t\t\t\t\t\t\t<img loading=\"lazy\" decoding=\"async\" src=\"https:\/\/rlosolivos.com\/wp-content\/uploads\/2021\/05\/cafeteria-353x265.jpg\" alt=\"\" width=\"353\" height=\"265\" \/>\t\t\t\t\t\t<span class=\"aig-gallery-hover\">\n\t\t\t\t\t\t\t\t\t\t\t\t\t<\/span>\n\t\t\t\t\t\t\t\t\t\t\t<\/a>\n\t\t\t\t\t\t\t\t\t<\/div>\n\t\t\t<\/div>\n\t\t\t\t\t\t\t\t<div class=\"qode-aig-image qode-item-space qode-aig-default-masonry-item\">\n\t\t\t\t<div class=\"qode-aig-image-inner\">\n\t\t\t\t\t\t\t\t\t\t\t<a itemprop=\"image\" class=\"qode-aig-lightbox\" href=\"https:\/\/rlosolivos.com\/wp-content\/uploads\/2021\/05\/menjador-planta-baixa.jpg\" data-rel=\"prettyPhoto[image_gallery_pretty_photo-154]\" title=\"comedor\">\n\t\t\t\t\t\t\t\t\t\t\t<img loading=\"lazy\" decoding=\"async\" src=\"https:\/\/rlosolivos.com\/wp-content\/uploads\/2021\/05\/menjador-planta-baixa-353x265.jpg\" alt=\"\" width=\"353\" height=\"265\" \/>\t\t\t\t\t\t<span class=\"aig-gallery-hover\">\n\t\t\t\t\t\t\t\t\t\t\t\t\t<\/span>\n\t\t\t\t\t\t\t\t\t\t\t<\/a>\n\t\t\t\t\t\t\t\t\t<\/div>\n\t\t\t<\/div>\n\t\t\t\t\t\t\t\t<div class=\"qode-aig-image qode-item-space qode-aig-default-masonry-item\">\n\t\t\t\t<div class=\"qode-aig-image-inner\">\n\t\t\t\t\t\t\t\t\t\t\t<a itemprop=\"image\" class=\"qode-aig-lightbox\" href=\"https:\/\/rlosolivos.com\/wp-content\/uploads\/2021\/05\/menjador-4planta.jpg\" data-rel=\"prettyPhoto[image_gallery_pretty_photo-154]\" title=\"comedor\">\n\t\t\t\t\t\t\t\t\t\t\t<img loading=\"lazy\" decoding=\"async\" src=\"https:\/\/rlosolivos.com\/wp-content\/uploads\/2021\/05\/menjador-4planta-353x265.jpg\" alt=\"\" width=\"353\" height=\"265\" \/>\t\t\t\t\t\t<span class=\"aig-gallery-hover\">\n\t\t\t\t\t\t\t\t\t\t\t\t\t<\/span>\n\t\t\t\t\t\t\t\t\t\t\t<\/a>\n\t\t\t\t\t\t\t\t\t<\/div>\n\t\t\t<\/div>\n\t\t\t\t\t\t\t\t<div class=\"qode-aig-image qode-item-space qode-aig-default-masonry-item\">\n\t\t\t\t<div class=\"qode-aig-image-inner\">\n\t\t\t\t\t\t\t\t\t\t\t<a itemprop=\"image\" class=\"qode-aig-lightbox\" href=\"https:\/\/rlosolivos.com\/wp-content\/uploads\/2021\/05\/menjador-3planta.jpg\" data-rel=\"prettyPhoto[image_gallery_pretty_photo-154]\" title=\"comedor\">\n\t\t\t\t\t\t\t\t\t\t\t<img loading=\"lazy\" decoding=\"async\" src=\"https:\/\/rlosolivos.com\/wp-content\/uploads\/2021\/05\/menjador-3planta-353x265.jpg\" alt=\"\" width=\"353\" height=\"265\" \/>\t\t\t\t\t\t<span class=\"aig-gallery-hover\">\n\t\t\t\t\t\t\t\t\t\t\t\t\t<\/span>\n\t\t\t\t\t\t\t\t\t\t\t<\/a>\n\t\t\t\t\t\t\t\t\t<\/div>\n\t\t\t<\/div>\n\t\t\t\t\t\t\t\t<div class=\"qode-aig-image qode-item-space qode-aig-default-masonry-item\">\n\t\t\t\t<div class=\"qode-aig-image-inner\">\n\t\t\t\t\t\t\t\t\t\t\t<a itemprop=\"image\" class=\"qode-aig-lightbox\" href=\"https:\/\/rlosolivos.com\/wp-content\/uploads\/2021\/05\/sala-tv-1planta-2.jpg\" data-rel=\"prettyPhoto[image_gallery_pretty_photo-154]\" title=\"sala tv\">\n\t\t\t\t\t\t\t\t\t\t\t<img loading=\"lazy\" decoding=\"async\" src=\"https:\/\/rlosolivos.com\/wp-content\/uploads\/2021\/05\/sala-tv-1planta-2-353x265.jpg\" alt=\"\" width=\"353\" height=\"265\" \/>\t\t\t\t\t\t<span class=\"aig-gallery-hover\">\n\t\t\t\t\t\t\t\t\t\t\t\t\t<\/span>\n\t\t\t\t\t\t\t\t\t\t\t<\/a>\n\t\t\t\t\t\t\t\t\t<\/div>\n\t\t\t<\/div>\n\t\t\t\t\t\t\t\t<div class=\"qode-aig-image qode-item-space qode-aig-default-masonry-item\">\n\t\t\t\t<div class=\"qode-aig-image-inner\">\n\t\t\t\t\t\t\t\t\t\t\t<a itemprop=\"image\" class=\"qode-aig-lightbox\" href=\"https:\/\/rlosolivos.com\/wp-content\/uploads\/2021\/05\/Sala-activitats.jpg\" data-rel=\"prettyPhoto[image_gallery_pretty_photo-154]\" title=\"Sala actividades\">\n\t\t\t\t\t\t\t\t\t\t\t<img loading=\"lazy\" decoding=\"async\" src=\"https:\/\/rlosolivos.com\/wp-content\/uploads\/2021\/05\/Sala-activitats-353x265.jpg\" alt=\"\" width=\"353\" height=\"265\" \/>\t\t\t\t\t\t<span class=\"aig-gallery-hover\">\n\t\t\t\t\t\t\t\t\t\t\t\t\t<\/span>\n\t\t\t\t\t\t\t\t\t\t\t<\/a>\n\t\t\t\t\t\t\t\t\t<\/div>\n\t\t\t<\/div>\n\t\t\t\t\t\t\t\t<div class=\"qode-aig-image qode-item-space qode-aig-default-masonry-item\">\n\t\t\t\t<div class=\"qode-aig-image-inner\">\n\t\t\t\t\t\t\t\t\t\t\t<a itemprop=\"image\" class=\"qode-aig-lightbox\" href=\"https:\/\/rlosolivos.com\/wp-content\/uploads\/2021\/05\/sala-4-planta.jpg\" data-rel=\"prettyPhoto[image_gallery_pretty_photo-154]\" title=\"sala 4 planta\">\n\t\t\t\t\t\t\t\t\t\t\t<img loading=\"lazy\" decoding=\"async\" src=\"https:\/\/rlosolivos.com\/wp-content\/uploads\/2021\/05\/sala-4-planta-353x265.jpg\" alt=\"\" width=\"353\" height=\"265\" \/>\t\t\t\t\t\t<span class=\"aig-gallery-hover\">\n\t\t\t\t\t\t\t\t\t\t\t\t\t<\/span>\n\t\t\t\t\t\t\t\t\t\t\t<\/a>\n\t\t\t\t\t\t\t\t\t<\/div>\n\t\t\t<\/div>\n\t\t\t<\/div>\n<\/div>[vc_empty_space][\/vc_column][\/vc_row][vc_row css_animation=&#8221;&#8221; row_type=&#8221;row&#8221; use_row_as_full_screen_section=&#8221;no&#8221; type=&#8221;full_width&#8221; angled_section=&#8221;no&#8221; text_align=&#8221;left&#8221; background_image_as_pattern=&#8221;without_pattern&#8221; z_index=&#8221;&#8221; background_image=&#8221;838&#8243;][vc_column][vc_empty_space height=&#8221;60px&#8221;][vc_column_text]<\/p>\n<h6 style=\"text-align: center;\">LES NOSTRES INSTAL\u00b7LACIONS HAN ESTAT DISSENYADES PER A FOMENTAR<\/h6>\n<h6><\/h6>\n<h6 style=\"text-align: center;\">LA CONVIV\u00c8NCIA I OFERIR SERVEIS DE QUALITAT.<\/h6>\n<p>[\/vc_column_text][vc_empty_space height=&#8221;60px&#8221;][\/vc_column][\/vc_row]<\/p>\n<\/div>","protected":false},"excerpt":{"rendered":"<p>[vc_row css_animation=&#8221;&#8221; row_type=&#8221;row&#8221; use_row_as_full_screen_section=&#8221;no&#8221; type=&#8221;grid&#8221; angled_section=&#8221;no&#8221; text_align=&#8221;left&#8221; background_image_as_pattern=&#8221;without_pattern&#8221; z_index=&#8221;&#8221;][vc_column][vc_empty_space height=&#8221;60px&#8221;][vc_column_text] El centre compta amb diferents sales referents a l&#8217;oci, 2 sales de TV, sala de lectura, 2 sales d&#8217;activitats\u00a0en les quals\u00a0es realitzen cinema, teatre, ball i similars. Tamb\u00e9 posseeix altres zones destinades a la recreaci\u00f3,&#8230;<\/p>\n","protected":false},"author":2,"featured_media":0,"parent":0,"menu_order":0,"comment_status":"closed","ping_status":"closed","template":"full_width.php","meta":{"footnotes":""},"yst_prominent_words":[],"class_list":["post-971","page","type-page","status-publish","hentry"],"_links":{"self":[{"href":"https:\/\/rlosolivos.com\/ca\/wp-json\/wp\/v2\/pages\/971","targetHints":{"allow":["GET"]}}],"collection":[{"href":"https:\/\/rlosolivos.com\/ca\/wp-json\/wp\/v2\/pages"}],"about":[{"href":"https:\/\/rlosolivos.com\/ca\/wp-json\/wp\/v2\/types\/page"}],"author":[{"embeddable":true,"href":"https:\/\/rlosolivos.com\/ca\/wp-json\/wp\/v2\/users\/2"}],"replies":[{"embeddable":true,"href":"https:\/\/rlosolivos.com\/ca\/wp-json\/wp\/v2\/comments?post=971"}],"version-history":[{"count":10,"href":"https:\/\/rlosolivos.com\/ca\/wp-json\/wp\/v2\/pages\/971\/revisions"}],"predecessor-version":[{"id":1080,"href":"https:\/\/rlosolivos.com\/ca\/wp-json\/wp\/v2\/pages\/971\/revisions\/1080"}],"wp:attachment":[{"href":"https:\/\/rlosolivos.com\/ca\/wp-json\/wp\/v2\/media?parent=971"}],"wp:term":[{"taxonomy":"yst_prominent_words","embeddable":true,"href":"https:\/\/rlosolivos.com\/ca\/wp-json\/wp\/v2\/yst_prominent_words?post=971"}],"curies":[{"name":"wp","href":"https:\/\/api.w.org\/{rel}","templated":true}]}}