{"id":941,"date":"2021-06-03T11:41:40","date_gmt":"2021-06-03T11:41:40","guid":{"rendered":"https:\/\/rlosolivos.com\/?page_id=941"},"modified":"2021-06-08T15:38:40","modified_gmt":"2021-06-08T15:38:40","slug":"qui-som","status":"publish","type":"page","link":"https:\/\/rlosolivos.com\/ca\/qui-som\/","title":{"rendered":"Qui som"},"content":{"rendered":"<div class=\"wpb-content-wrapper\"><p>[vc_row css_animation=&#8221;&#8221; row_type=&#8221;row&#8221; use_row_as_full_screen_section=&#8221;no&#8221; type=&#8221;full_width&#8221; angled_section=&#8221;no&#8221; text_align=&#8221;left&#8221; background_image_as_pattern=&#8221;without_pattern&#8221; z_index=&#8221;&#8221;][vc_column][vc_empty_space height=&#8221;60px&#8221;][vc_column_text css=&#8221;.vc_custom_1622720578034{margin-right: 80px !important;margin-left: 80px !important;}&#8221;]Ens guiem per la cultura del bon tracte, l&#8217;atenci\u00f3 permanent i personalitzada aix\u00ed com el foment constant de les capacitats dels nostres residents.<\/p>\n<p>&nbsp;<\/p>\n<p>Ens satisf\u00e0 dedicar esfor\u00e7os a grans persones i poder formar una gran comunitat, amb personalitat pr\u00f2pia i projectes estimulants per a tothom.<\/p>\n<p>&nbsp;<\/p>\n<p>Posem especial inter\u00e8s a oferir una assist\u00e8ncia adequada, de la m\u00e0 d&#8217;un equip de professionals qualificats que, vetlla dia a dia, per la salut dels nostres residents de manera personalitzada.[\/vc_column_text][vc_empty_space height=&#8221;60px&#8221;][\/vc_column][\/vc_row][vc_row css_animation=&#8221;element_from_bottom&#8221; row_type=&#8221;row&#8221; use_row_as_full_screen_section=&#8221;no&#8221; type=&#8221;full_width&#8221; angled_section=&#8221;no&#8221; text_align=&#8221;left&#8221; background_image_as_pattern=&#8221;without_pattern&#8221; z_index=&#8221;&#8221;][vc_column][vc_column_text css=&#8221;.vc_custom_1622720657594{margin-right: 80px !important;margin-left: 80px !important;}&#8221;]<\/p>\n<h2 style=\"text-align: center;\">El nostre equip<\/h2>\n<p>[\/vc_column_text][vc_separator type=&#8221;small&#8221; position=&#8221;center&#8221; color=&#8221;#000000&#8243; thickness=&#8221;1,5&#8243; width=&#8221;20&#8243;][vc_empty_space][\/vc_column][\/vc_row][vc_row css_animation=&#8221;&#8221; row_type=&#8221;row&#8221; use_row_as_full_screen_section=&#8221;no&#8221; type=&#8221;full_width&#8221; angled_section=&#8221;no&#8221; text_align=&#8221;left&#8221; background_image_as_pattern=&#8221;without_pattern&#8221;][vc_column][qode_elements_holder background_color=&#8221;#dd9933&#8243; number_of_columns=&#8221;three_columns&#8221;][qode_elements_holder_item advanced_animations=&#8221;no&#8221; background_color=&#8221;#938676&#8243; item_padding=&#8221;40px 40px 40px 40px&#8221;][vc_column_text]<\/p>\n<div class=\"wpb_text_column wpb_content_element vc_custom_1620747173353\">\n<div class=\"wpb_wrapper\">\n<h5 style=\"text-align: center;\">EQUIP PROFESSIONAL<\/h5>\n<\/div>\n<\/div>\n<div class=\"vc_empty_space\" style=\"text-align: center;\"><\/div>\n<p>[\/vc_column_text][vc_separator type=&#8221;small&#8221; position=&#8221;center&#8221; width_in_percentages=&#8221;yes&#8221; color=&#8221;#ffffff&#8221; thickness=&#8221;1,5&#8243; width=&#8221;20&#8243;][vc_column_text]<\/p>\n<div class=\"wpb_text_column wpb_content_element vc_custom_1620747173353\">\n<div class=\"wpb_wrapper\">\n<h4 style=\"text-align: center;\">El nostre equip de la Resid\u00e8ncia Los Olivos est\u00e0 format per aquests professionals:<\/h4>\n<\/div>\n<\/div>\n<div class=\"vc_empty_space\" style=\"text-align: center;\"><\/div>\n<p>[\/vc_column_text][\/qode_elements_holder_item][qode_elements_holder_item advanced_animations=&#8221;no&#8221; background_color=&#8221;#684c17&#8243; item_padding=&#8221;40px 40px 40px 40px&#8221;][vc_column_text]<\/p>\n<h4 class=\"has-text-align-left\" style=\"text-align: center;\">DIRECCI\u00d3 DEL CENTRO RESIDENCIAL<\/h4>\n<p>&nbsp;<\/p>\n<h4 class=\"has-text-align-left\" style=\"text-align: center;\">PROFESSIONAL M\u00c8DIC<\/h4>\n<p>&nbsp;<\/p>\n<h4 class=\"has-text-align-left\" style=\"text-align: center;\">\u00a0INFERMERIA<\/h4>\n<p>&nbsp;<\/p>\n<h4 class=\"has-text-align-left\" style=\"text-align: center;\">TERAPEUTA OCUPACIONAL<\/h4>\n<p>&nbsp;<\/p>\n<h4 class=\"has-text-align-left\" style=\"text-align: center;\">FISIOTERAPEUTA<\/h4>\n<p>&nbsp;<\/p>\n<h4 class=\"has-text-align-left\" style=\"text-align: center;\">TREBALLADORA SOCIAL<\/h4>\n<p>[\/vc_column_text][\/qode_elements_holder_item][qode_elements_holder_item advanced_animations=&#8221;no&#8221; background_color=&#8221;#938676&#8243; item_padding=&#8221;40px 40px 40px 40px&#8221;][vc_column_text]<\/p>\n<h4 class=\"has-text-align-left\" style=\"text-align: center;\">PSIC\u00d2LOGA<\/h4>\n<p>&nbsp;<\/p>\n<h4 class=\"has-text-align-left\" style=\"text-align: center;\">EDUCACI\u00d3 SOCIAL<\/h4>\n<p>&nbsp;<\/p>\n<h4 class=\"has-text-align-left\" style=\"text-align: center;\">PERSONAL D&#8217; ATENCI\u00d3N DIRECTA<\/h4>\n<p>&nbsp;<\/p>\n<h4><\/h4>\n<h4 class=\"has-text-align-left\" style=\"text-align: center;\">AUXILIAR DE MANTENIMENT<\/h4>\n<p>&nbsp;<\/p>\n<h4 class=\"has-text-align-left\" style=\"text-align: center;\">PERSONAL DE NETEJA<\/h4>\n<p>&nbsp;<\/p>\n<h4 class=\"has-text-align-left\" style=\"text-align: center;\">PERSONAL DE CUINA<\/h4>\n<p>[\/vc_column_text][\/qode_elements_holder_item][\/qode_elements_holder][\/vc_column][\/vc_row][vc_row css_animation=&#8221;&#8221; row_type=&#8221;row&#8221; use_row_as_full_screen_section=&#8221;no&#8221; type=&#8221;grid&#8221; angled_section=&#8221;no&#8221; text_align=&#8221;left&#8221; background_image_as_pattern=&#8221;without_pattern&#8221; z_index=&#8221;&#8221; background_image=&#8221;838&#8243;][vc_column][vc_empty_space height=&#8221;60px&#8221;][vc_column_text]<\/p>\n<h6 style=\"text-align: center;\">EL NOSTRE OBJECTIU \u00c9S CON\u00c8IXER LA PERSONA RESIDENT I OFERIR-LI LA MILLOR ATENCI\u00d3<\/h6>\n<p>[\/vc_column_text][vc_empty_space height=&#8221;60px&#8221;][\/vc_column][\/vc_row]<\/p>\n<\/div>","protected":false},"excerpt":{"rendered":"<p>[vc_row css_animation=&#8221;&#8221; row_type=&#8221;row&#8221; use_row_as_full_screen_section=&#8221;no&#8221; type=&#8221;full_width&#8221; angled_section=&#8221;no&#8221; text_align=&#8221;left&#8221; background_image_as_pattern=&#8221;without_pattern&#8221; z_index=&#8221;&#8221;][vc_column][vc_empty_space height=&#8221;60px&#8221;][vc_column_text css=&#8221;.vc_custom_1622720578034{margin-right: 80px !important;margin-left: 80px !important;}&#8221;]Ens guiem per la cultura del bon tracte, l&#8217;atenci\u00f3 permanent i personalitzada aix\u00ed com el foment constant de les capacitats dels nostres residents. &nbsp; Ens satisf\u00e0 dedicar esfor\u00e7os a grans persones&#8230;<\/p>\n","protected":false},"author":2,"featured_media":945,"parent":0,"menu_order":0,"comment_status":"closed","ping_status":"closed","template":"full_width.php","meta":{"footnotes":""},"yst_prominent_words":[],"class_list":["post-941","page","type-page","status-publish","has-post-thumbnail","hentry"],"_links":{"self":[{"href":"https:\/\/rlosolivos.com\/ca\/wp-json\/wp\/v2\/pages\/941","targetHints":{"allow":["GET"]}}],"collection":[{"href":"https:\/\/rlosolivos.com\/ca\/wp-json\/wp\/v2\/pages"}],"about":[{"href":"https:\/\/rlosolivos.com\/ca\/wp-json\/wp\/v2\/types\/page"}],"author":[{"embeddable":true,"href":"https:\/\/rlosolivos.com\/ca\/wp-json\/wp\/v2\/users\/2"}],"replies":[{"embeddable":true,"href":"https:\/\/rlosolivos.com\/ca\/wp-json\/wp\/v2\/comments?post=941"}],"version-history":[{"count":6,"href":"https:\/\/rlosolivos.com\/ca\/wp-json\/wp\/v2\/pages\/941\/revisions"}],"predecessor-version":[{"id":970,"href":"https:\/\/rlosolivos.com\/ca\/wp-json\/wp\/v2\/pages\/941\/revisions\/970"}],"wp:featuredmedia":[{"embeddable":true,"href":"https:\/\/rlosolivos.com\/ca\/wp-json\/wp\/v2\/media\/945"}],"wp:attachment":[{"href":"https:\/\/rlosolivos.com\/ca\/wp-json\/wp\/v2\/media?parent=941"}],"wp:term":[{"taxonomy":"yst_prominent_words","embeddable":true,"href":"https:\/\/rlosolivos.com\/ca\/wp-json\/wp\/v2\/yst_prominent_words?post=941"}],"curies":[{"name":"wp","href":"https:\/\/api.w.org\/{rel}","templated":true}]}}