{"id":880,"date":"2021-06-03T08:53:07","date_gmt":"2021-06-03T08:53:07","guid":{"rendered":"https:\/\/rlosolivos.com\/?page_id=880"},"modified":"2026-03-13T09:45:04","modified_gmt":"2026-03-13T09:45:04","slug":"residencia-mayores-barcelona-los-olivos","status":"publish","type":"page","link":"https:\/\/rlosolivos.com\/ca\/","title":{"rendered":"Inici"},"content":{"rendered":"<div class=\"wpb-content-wrapper\"><p>[vc_row css_animation=&#8221;&#8221; row_type=&#8221;row&#8221; use_row_as_full_screen_section=&#8221;no&#8221; type=&#8221;full_width&#8221; angled_section=&#8221;no&#8221; text_align=&#8221;left&#8221; background_image_as_pattern=&#8221;without_pattern&#8221;][vc_column][rev_slider_vc alias=&#8221;inicio-cat&#8221;][\/vc_column][\/vc_row][vc_row css_animation=&#8221;&#8221; row_type=&#8221;row&#8221; use_row_as_full_screen_section=&#8221;no&#8221; type=&#8221;grid&#8221; angled_section=&#8221;no&#8221; text_align=&#8221;center&#8221; background_image_as_pattern=&#8221;without_pattern&#8221; z_index=&#8221;&#8221; background_color=&#8221;#ffffff&#8221;][vc_column][vc_empty_space][vc_column_text]<\/p>\n<h1 style=\"font-size: 24px; font-weight: bold; margin-bottom: 17px; text-decoration: underline;\">Resid\u00e8ncia per a gent gran a Barcelona<\/h1>\n<p><span style=\"color: #006633; font-family: 'Poppins', sans-serif; font-size: 40px; font-weight: 300;\">Benvinguts a la resid\u00e8ncia Los Olivos<\/span>[\/vc_column_text][vc_empty_space][vc_column_text]A la cara nord de Barcelona, \u200b\u200bes troba la nostra resid\u00e8ncia i centre de dia <strong>Los Olivos<\/strong>. \u00c9s un edifici de 3.000 m2 amb 7 plantes, cadascuna d&#8217;elles amb diversos serveis. El centre t\u00e9 capacitat per 89 places, amb habitacions individuals i dobles. Disposem de places col\u00b7laboradores (PEV).<\/p>\n<p>&nbsp;<\/p>\n<p>A la planta baixa, els residents realitzen la major part de les seves activitats, sent a m\u00e9s zona de recepci\u00f3 de visites.<\/p>\n<p>&nbsp;<\/p>\n<p>El centre compta amb diferents sales referents a l&#8217;oci, 2 sales de TV, sala de lectura, 2 sales d&#8217;activitats en les quals es realitzen cinema, teatre, ball i similars. Tamb\u00e9 posseeix altres zones destinades a la recreaci\u00f3, com el jard\u00ed, i el gimn\u00e0s. Totes les habitacions disposen de bany privat i timbre.<\/p>\n<p>&nbsp;<\/p>\n<p>El centre t\u00e9 instal\u00b7lades c\u00e0meres de vigil\u00e0ncia en tots els passadissos i estances comunes, per a millor control i seguretat dels residents.[\/vc_column_text][vc_empty_space height=&#8221;25px&#8221;]<a  itemprop=\"url\" href=\"https:\/\/rlosolivos.com\/ca\/quienes-somos\/\" target=\"_self\" data-hover-background-color='#006633' data-hover-border-color='#006633'  class=\"qbutton  medium center enlarge\" style=\"color: #ffffff; border-color: #006633; background-color: #006633;\">M\u00e9s informaci\u00f3<span aria-hidden=\"true\" class=\"qode_icon_font_elegant arrow_carrot-2right qode_button_icon_element\" style=\"color: #ffffff;\" ><\/span><\/a>[vc_empty_space height=&#8221;60px&#8221;][\/vc_column][\/vc_row][vc_row css_animation=&#8221;element_from_bottom&#8221; row_type=&#8221;row&#8221; use_row_as_full_screen_section=&#8221;yes&#8221; type=&#8221;grid&#8221; angled_section=&#8221;no&#8221; text_align=&#8221;center&#8221; background_image_as_pattern=&#8221;without_pattern&#8221; z_index=&#8221;&#8221; css=&#8221;.vc_custom_1620920529986{background-color: #f5f5f5 !important;}&#8221;][vc_column][vc_empty_space height=&#8221;50px&#8221;][vc_column_text]<\/p>\n<h2 style=\"text-align: center;\">Les nostres instal\u00b7lacions<\/h2>\n<p>[\/vc_column_text][vc_separator type=&#8221;small&#8221; position=&#8221;center&#8221; thickness=&#8221;1,5&#8243; color=&#8221;#000000&#8243; transparency=&#8221;1&#8243; width=&#8221;20&#8243;][vc_empty_space]<div class=\"qode-advanced-image-gallery  qode-aig-masonry-type qode-small-space qode-has-shadow qode-image-behavior-lightbox \">\n\t<div class=\"qode-aig-inner qode-outer-space qode-aig-masonry qode-aig-three-columns\">\n\t\t<div class=\"qode-aig-grid-sizer\"><\/div>\n\t\t<div class=\"qode-aig-grid-gutter\"><\/div>\n\t\t\t\t\t\t\t\t<div class=\"qode-aig-image qode-item-space qode-aig-default-masonry-item\">\n\t\t\t\t<div class=\"qode-aig-image-inner\">\n\t\t\t\t\t\t\t\t\t\t\t<a itemprop=\"image\" class=\"qode-aig-lightbox\" href=\"https:\/\/rlosolivos.com\/wp-content\/uploads\/2021\/04\/Captura-de-pantalla-2021-04-08-a-las-11.33.35.png\" data-rel=\"prettyPhoto[image_gallery_pretty_photo-998]\" title=\"Captura de pantalla 2021-04-08 a las 11.33.35\">\n\t\t\t\t\t\t\t\t\t\t\t<img loading=\"lazy\" decoding=\"async\" src=\"https:\/\/rlosolivos.com\/wp-content\/uploads\/2021\/04\/Captura-de-pantalla-2021-04-08-a-las-11.33.35-353x265.png\" alt=\"Exterior\" width=\"353\" height=\"265\" \/>\t\t\t\t\t\t<span class=\"aig-gallery-hover\">\n\t\t\t\t\t\t\t\t\t\t\t\t\t\t\t<span class=\"icon-arrows-plus\"><\/span> \n\t\t\t\t\t\t\t\t\t\t\t\t\t<\/span>\n\t\t\t\t\t\t\t\t\t\t\t<\/a>\n\t\t\t\t\t\t\t\t\t<\/div>\n\t\t\t<\/div>\n\t\t\t\t\t\t\t\t<div class=\"qode-aig-image qode-item-space qode-aig-default-masonry-item\">\n\t\t\t\t<div class=\"qode-aig-image-inner\">\n\t\t\t\t\t\t\t\t\t\t\t<a itemprop=\"image\" class=\"qode-aig-lightbox\" href=\"https:\/\/rlosolivos.com\/wp-content\/uploads\/2021\/04\/5d2c5422-46f4-4b2b-8597-5d87c87ed65c.jpg\" data-rel=\"prettyPhoto[image_gallery_pretty_photo-998]\" title=\"Habitaci\u00f3 doble\">\n\t\t\t\t\t\t\t\t\t\t\t<img loading=\"lazy\" decoding=\"async\" src=\"https:\/\/rlosolivos.com\/wp-content\/uploads\/2021\/04\/5d2c5422-46f4-4b2b-8597-5d87c87ed65c-353x265.jpg\" alt=\"Habitaci\u00f3 doble\" width=\"353\" height=\"265\" \/>\t\t\t\t\t\t<span class=\"aig-gallery-hover\">\n\t\t\t\t\t\t\t\t\t\t\t\t\t\t\t<span class=\"icon-arrows-plus\"><\/span> \n\t\t\t\t\t\t\t\t\t\t\t\t\t<\/span>\n\t\t\t\t\t\t\t\t\t\t\t<\/a>\n\t\t\t\t\t\t\t\t\t<\/div>\n\t\t\t<\/div>\n\t\t\t\t\t\t\t\t<div class=\"qode-aig-image qode-item-space qode-aig-default-masonry-item\">\n\t\t\t\t<div class=\"qode-aig-image-inner\">\n\t\t\t\t\t\t\t\t\t\t\t<a itemprop=\"image\" class=\"qode-aig-lightbox\" href=\"https:\/\/rlosolivos.com\/wp-content\/uploads\/2021\/04\/DSC00313-1-scaled-1-1.jpg\" data-rel=\"prettyPhoto[image_gallery_pretty_photo-998]\" title=\"Terraza\">\n\t\t\t\t\t\t\t\t\t\t\t<img loading=\"lazy\" decoding=\"async\" src=\"https:\/\/rlosolivos.com\/wp-content\/uploads\/2021\/04\/DSC00313-1-scaled-1-1-353x265.jpg\" alt=\"\" width=\"353\" height=\"265\" \/>\t\t\t\t\t\t<span class=\"aig-gallery-hover\">\n\t\t\t\t\t\t\t\t\t\t\t\t\t\t\t<span class=\"icon-arrows-plus\"><\/span> \n\t\t\t\t\t\t\t\t\t\t\t\t\t<\/span>\n\t\t\t\t\t\t\t\t\t\t\t<\/a>\n\t\t\t\t\t\t\t\t\t<\/div>\n\t\t\t<\/div>\n\t\t\t\t\t\t\t\t<div class=\"qode-aig-image qode-item-space qode-aig-default-masonry-item\">\n\t\t\t\t<div class=\"qode-aig-image-inner\">\n\t\t\t\t\t\t\t\t\t\t\t<a itemprop=\"image\" class=\"qode-aig-lightbox\" href=\"https:\/\/rlosolivos.com\/wp-content\/uploads\/2021\/04\/sala-4-planta.jpg\" data-rel=\"prettyPhoto[image_gallery_pretty_photo-998]\" title=\"sala 4 planta\">\n\t\t\t\t\t\t\t\t\t\t\t<img loading=\"lazy\" decoding=\"async\" src=\"https:\/\/rlosolivos.com\/wp-content\/uploads\/2021\/04\/sala-4-planta-353x265.jpg\" alt=\"\" width=\"353\" height=\"265\" \/>\t\t\t\t\t\t<span class=\"aig-gallery-hover\">\n\t\t\t\t\t\t\t\t\t\t\t\t\t\t\t<span class=\"icon-arrows-plus\"><\/span> \n\t\t\t\t\t\t\t\t\t\t\t\t\t<\/span>\n\t\t\t\t\t\t\t\t\t\t\t<\/a>\n\t\t\t\t\t\t\t\t\t<\/div>\n\t\t\t<\/div>\n\t\t\t\t\t\t\t\t<div class=\"qode-aig-image qode-item-space qode-aig-default-masonry-item\">\n\t\t\t\t<div class=\"qode-aig-image-inner\">\n\t\t\t\t\t\t\t\t\t\t\t<a itemprop=\"image\" class=\"qode-aig-lightbox\" href=\"https:\/\/rlosolivos.com\/wp-content\/uploads\/2021\/04\/Captura-de-pantalla-2021-04-22-a-las-10.38.40.png\" data-rel=\"prettyPhoto[image_gallery_pretty_photo-998]\" title=\"Terraza\">\n\t\t\t\t\t\t\t\t\t\t\t<img loading=\"lazy\" decoding=\"async\" src=\"https:\/\/rlosolivos.com\/wp-content\/uploads\/2021\/04\/Captura-de-pantalla-2021-04-22-a-las-10.38.40-353x265.png\" alt=\"\" width=\"353\" height=\"265\" \/>\t\t\t\t\t\t<span class=\"aig-gallery-hover\">\n\t\t\t\t\t\t\t\t\t\t\t\t\t\t\t<span class=\"icon-arrows-plus\"><\/span> \n\t\t\t\t\t\t\t\t\t\t\t\t\t<\/span>\n\t\t\t\t\t\t\t\t\t\t\t<\/a>\n\t\t\t\t\t\t\t\t\t<\/div>\n\t\t\t<\/div>\n\t\t\t\t\t\t\t\t<div class=\"qode-aig-image qode-item-space qode-aig-default-masonry-item\">\n\t\t\t\t<div class=\"qode-aig-image-inner\">\n\t\t\t\t\t\t\t\t\t\t\t<a itemprop=\"image\" class=\"qode-aig-lightbox\" href=\"https:\/\/rlosolivos.com\/wp-content\/uploads\/2021\/04\/Captura-de-pantalla-2021-04-22-a-las-10.16.33.png\" data-rel=\"prettyPhoto[image_gallery_pretty_photo-998]\" title=\"\">\n\t\t\t\t\t\t\t\t\t\t\t<img loading=\"lazy\" decoding=\"async\" src=\"https:\/\/rlosolivos.com\/wp-content\/uploads\/2021\/04\/Captura-de-pantalla-2021-04-22-a-las-10.16.33-353x265.png\" alt=\"\" width=\"353\" height=\"265\" \/>\t\t\t\t\t\t<span class=\"aig-gallery-hover\">\n\t\t\t\t\t\t\t\t\t\t\t\t\t\t\t<span class=\"icon-arrows-plus\"><\/span> \n\t\t\t\t\t\t\t\t\t\t\t\t\t<\/span>\n\t\t\t\t\t\t\t\t\t\t\t<\/a>\n\t\t\t\t\t\t\t\t\t<\/div>\n\t\t\t<\/div>\n\t\t\t<\/div>\n<\/div>[vc_empty_space]<a  itemprop=\"url\" href=\"https:\/\/rlosolivos.com\/ca\/instal%c2%b7lacions\/\" target=\"_self\" data-hover-background-color='#006633' data-hover-border-color='#ffffff'  class=\"qbutton  medium center enlarge\" style=\"border-color: #ffffff; background-color: #006633;\">Vere m\u00e9s<span aria-hidden=\"true\" class=\"qode_icon_font_elegant arrow_carrot-2right qode_button_icon_element\" style=\"color: #ffffff;\" ><\/span><\/a>[vc_empty_space height=&#8221;60px&#8221;][\/vc_column][\/vc_row][vc_row css_animation=&#8221;element_from_bottom&#8221; row_type=&#8221;row&#8221; use_row_as_full_screen_section=&#8221;no&#8221; type=&#8221;grid&#8221; angled_section=&#8221;no&#8221; text_align=&#8221;center&#8221; background_image_as_pattern=&#8221;without_pattern&#8221; z_index=&#8221;&#8221; background_color=&#8221;#006633&#8243; css=&#8221;.vc_custom_1620920536903{padding-top: 50px !important;padding-right: 50px !important;padding-bottom: 50px !important;padding-left: 50px !important;}&#8221;][vc_column][vc_empty_space height=&#8221;10px&#8221;][vc_column_text]<\/p>\n<h2 style=\"text-align: center; color: #fff;\">Serveis de la nostra resid\u00e8ncia<\/h2>\n<p>[\/vc_column_text][vc_separator type=&#8221;small&#8221; position=&#8221;center&#8221; thickness=&#8221;1,5&#8243; color=&#8221;#ffffff&#8221; transparency=&#8221;1&#8243; width=&#8221;20&#8243;][vc_empty_space][vc_column_text]<\/p>\n<p style=\"text-align: center;\"><span style=\"color: #ffffff;\">Estem compromesos en oferir cada dia la m\u00e0xima qualitat en tots els serveis.<\/span><\/p>\n<p style=\"text-align: center;\"><span style=\"color: #ffffff;\">Comptem amb un equip de professionals qualificats, que vetlla dia a dia per la seva salut, de manera personalitzada.<\/span><\/p>\n<p>[\/vc_column_text][\/vc_column][\/vc_row][vc_row css_animation=&#8221;element_from_bottom&#8221; row_type=&#8221;row&#8221; use_row_as_full_screen_section=&#8221;no&#8221; type=&#8221;grid&#8221; angled_section=&#8221;no&#8221; text_align=&#8221;left&#8221; background_image_as_pattern=&#8221;without_pattern&#8221; z_index=&#8221;&#8221; background_color=&#8221;#006633&#8243;][vc_column width=&#8221;1\/4&#8243; el_class=&#8221;cajaServicios&#8221;][vc_empty_space height=&#8221;20px&#8221;][vc_raw_html]JTNDZGl2JTIwY2xhc3MlM0QlMjJjYWphRGl2U2VydmljaW8lMjIlM0UlMEElM0NpbWclMjBzdHlsZSUzRCUyMndpZHRoJTNBJTIwNTJweCUzQiUyMiUyMGFsdCUzRCUyMlNlcnZpY2lvJTIwTSVDMyVBOWRpY28lMjBwYXJhJTIwTWF5b3JlcyUyMiUyMHNyYyUzRCUyMmh0dHBzJTNBJTJGJTJGcmxvc29saXZvcy5jb20lMkZ3cC1jb250ZW50JTJGdXBsb2FkcyUyRjIwMjElMkYwNSUyRmljb24tMDAxLnBuZyUyMiUzRSUwQSUzQ2gzJTIwY2xhc3MlM0QlMjJ0aXR1bG9TZXJ2aWNpbyUyMiUzRU1FVEdFJTNDJTJGaDMlM0UlMEElM0MlMkZkaXYlM0U=[\/vc_raw_html][vc_empty_space][vc_raw_html]JTNDZGl2JTIwY2xhc3MlM0QlMjJjYWphRGl2U2VydmljaW8lMjIlM0UlMEElM0NpbWclMjBzdHlsZSUzRCUyMndpZHRoJTNBJTIwNTJweCUzQiUyMiUyMGFsdCUzRCUyMlNlcnZpY2lvJTIwZGUlMjBQb2RvbG9nJUMzJUFEYSUyMHBhcmElMjBNYXlvcmVzJTIyJTIwc3JjJTNEJTIyaHR0cHMlM0ElMkYlMkZybG9zb2xpdm9zLmNvbSUyRndwLWNvbnRlbnQlMkZ1cGxvYWRzJTJGMjAyMSUyRjA1JTJGaWNvbi0wMDUucG5nJTIyJTNFJTBBJTNDaDMlMjBjbGFzcyUzRCUyMnRpdHVsb1NlcnZpY2lvJTIyJTNFUE9ET0xPR0lBJTNDJTJGaDMlM0UlMEElM0MlMkZkaXYlM0U=[\/vc_raw_html][vc_empty_space height=&#8221;12px&#8221;][\/vc_column][vc_column width=&#8221;1\/4&#8243; el_class=&#8221;cajaServicios&#8221;][vc_empty_space height=&#8221;20px&#8221;][vc_raw_html]JTNDZGl2JTIwY2xhc3MlM0QlMjJjYWphRGl2U2VydmljaW8lMjIlM0UlMEElM0NpbWclMjBzdHlsZSUzRCUyMndpZHRoJTNBJTIwNTJweCUzQiUyMiUyMGFsdCUzRCUyMlNlcnZpY2lvJTIwZGUlMjBFbmZlcm1lciVDMyVBRGElMjBwYXJhJTIwTWF5b3JlcyUyMiUyMHNyYyUzRCUyMmh0dHBzJTNBJTJGJTJGcmxvc29saXZvcy5jb20lMkZ3cC1jb250ZW50JTJGdXBsb2FkcyUyRjIwMjElMkYwNSUyRmljb24tMDAyLnBuZyUyMiUzRSUwQSUzQ2gzJTIwY2xhc3MlM0QlMjJ0aXR1bG9TZXJ2aWNpbyUyMiUzRUlORkVSTUVSSUElM0MlMkZoMyUzRSUwQSUzQyUyRmRpdiUzRQ==[\/vc_raw_html][vc_empty_space][vc_raw_html]JTNDZGl2JTIwY2xhc3MlM0QlMjJjYWphRGl2U2VydmljaW8lMjIlM0UlMEElM0NpbWclMjBzdHlsZSUzRCUyMndpZHRoJTNBJTIwNTJweCUzQiUyMiUyMGFsdCUzRCUyMlNlcnZpY2lvJTIwZGUlMjBUcmFiYWpvJTIwU29jaWFsJTIwcGFyYSUyME1heW9yZXMlMjIlMjBzcmMlM0QlMjJodHRwcyUzQSUyRiUyRnJsb3NvbGl2b3MuY29tJTJGd3AtY29udGVudCUyRnVwbG9hZHMlMkYyMDIxJTJGMDUlMkZpY29uLTAwNi5wbmclMjIlM0UlMEElM0NoMyUyMGNsYXNzJTNEJTIydGl0dWxvU2VydmljaW8lMjIlM0VUUkVCQUxMJTIwU09DSUFMJTNDJTJGaDMlM0UlMEElM0MlMkZkaXYlM0U=[\/vc_raw_html][vc_empty_space height=&#8221;12px&#8221;][\/vc_column][vc_column width=&#8221;1\/4&#8243; el_class=&#8221;cajaServicios&#8221;][vc_empty_space height=&#8221;20px&#8221;][vc_raw_html]JTNDZGl2JTIwY2xhc3MlM0QlMjJjYWphRGl2U2VydmljaW8lMjIlM0UlMEElM0NpbWclMjBzdHlsZSUzRCUyMndpZHRoJTNBJTIwNTJweCUzQiUyMiUyMGFsdCUzRCUyMlNlcnZpY2lvJTIwZGUlMjBSZWhhYmlsaXRhY2klQzMlQjNuJTIwcGFyYSUyME1heW9yZXMlMjIlMjBzcmMlM0QlMjJodHRwcyUzQSUyRiUyRnJsb3NvbGl2b3MuY29tJTJGd3AtY29udGVudCUyRnVwbG9hZHMlMkYyMDIxJTJGMDUlMkZpY29uLTAwMy5wbmclMjIlM0UlMEElM0NoMyUyMGNsYXNzJTNEJTIydGl0dWxvU2VydmljaW8lMjIlM0VSRUhBQklMSVRBQ0klQzMlOTMlM0MlMkZoMyUzRSUwQSUzQyUyRmRpdiUzRQ==[\/vc_raw_html][vc_empty_space][vc_raw_html]JTNDZGl2JTIwY2xhc3MlM0QlMjJjYWphRGl2U2VydmljaW8lMjIlM0UlMEElM0NpbWclMjBzdHlsZSUzRCUyMndpZHRoJTNBJTIwNTJweCUzQiUyMiUyMGFsdCUzRCUyMlNlcnZpY2lvJTIwZGUlMjBUZXJhcGlhJTIwT2N1cGFjaW9uYWwlMjBwYXJhJTIwTWF5b3JlcyUyMiUyMHNyYyUzRCUyMmh0dHBzJTNBJTJGJTJGcmxvc29saXZvcy5jb20lMkZ3cC1jb250ZW50JTJGdXBsb2FkcyUyRjIwMjElMkYwNSUyRmljb24tMDA3LnBuZyUyMiUzRSUwQSUzQ2gzJTIwY2xhc3MlM0QlMjJ0aXR1bG9TZXJ2aWNpbyUyMiUzRVRFUkFQSUElMjBPQ1VQQUNJT05BTCUzQyUyRmgzJTNFJTBBJTNDJTJGZGl2JTNF[\/vc_raw_html][vc_empty_space height=&#8221;12px&#8221;][\/vc_column][vc_column width=&#8221;1\/4&#8243; css=&#8221;.vc_custom_1619778301275{margin-right: 50px !important;}&#8221; el_class=&#8221;cajaServicios&#8221;][vc_empty_space height=&#8221;20px&#8221;][vc_raw_html]JTNDZGl2JTIwY2xhc3MlM0QlMjJjYWphRGl2U2VydmljaW8lMjIlM0UlMEElM0NpbWclMjBzdHlsZSUzRCUyMndpZHRoJTNBJTIwNTJweCUzQiUyMiUyMGFsdCUzRCUyMlNlcnZpY2lvJTIwZGUlMjBQc2ljb2xvZyVDMyVBRGElMjBwYXJhJTIwTWF5b3JlcyUyMiUyMHNyYyUzRCUyMmh0dHBzJTNBJTJGJTJGcmxvc29saXZvcy5jb20lMkZ3cC1jb250ZW50JTJGdXBsb2FkcyUyRjIwMjElMkYwNSUyRmljb24tMDA0LnBuZyUyMiUzRSUwQSUzQ2gzJTIwY2xhc3MlM0QlMjJ0aXR1bG9TZXJ2aWNpbyUyMiUzRVBTSUNPTE9HSUElM0MlMkZoMyUzRSUwQSUzQyUyRmRpdiUzRQ==[\/vc_raw_html][vc_empty_space][vc_raw_html]JTNDZGl2JTIwY2xhc3MlM0QlMjJjYWphRGl2U2VydmljaW8lMjIlM0UlMEElM0NpbWclMjBzdHlsZSUzRCUyMndpZHRoJTNBJTIwNTJweCUzQiUyMiUyMGFsdCUzRCUyMlNlcnZpY2lvJTIwZGUlMjBQZWx1cXVlciVDMyVBRGElMjBwYXJhJTIwTWF5b3JlcyUyMiUyMHNyYyUzRCUyMmh0dHBzJTNBJTJGJTJGcmxvc29saXZvcy5jb20lMkZ3cC1jb250ZW50JTJGdXBsb2FkcyUyRjIwMjElMkYwNSUyRmljb24tMDA4LnBuZyUyMiUzRSUwQSUzQ2gzJTIwY2xhc3MlM0QlMjJ0aXR1bG9TZXJ2aWNpbyUyMiUzRVBFUlJVUVVFUklBJTNDJTJGaDMlM0UlMEElM0MlMkZkaXYlM0U=[\/vc_raw_html][vc_empty_space][\/vc_column][\/vc_row][vc_row css_animation=&#8221;&#8221; row_type=&#8221;row&#8221; use_row_as_full_screen_section=&#8221;no&#8221; type=&#8221;full_width&#8221; angled_section=&#8221;no&#8221; text_align=&#8221;center&#8221; background_image_as_pattern=&#8221;without_pattern&#8221; z_index=&#8221;&#8221; background_color=&#8221;#006633&#8243;][vc_column]<a  itemprop=\"url\" href=\"https:\/\/rlosolivos.com\/ca\/serveis\/\" target=\"_self\" data-hover-background-color='#006633' data-hover-border-color='#ffffff'  class=\"qbutton  medium center enlarge\" style=\"border-color: #ffffff; background-color: #006633;\">M\u00e9s informaci\u00f3<span aria-hidden=\"true\" class=\"qode_icon_font_elegant arrow_carrot-2right qode_button_icon_element\" style=\"color: #ffffff;\" ><\/span><\/a>[vc_empty_space][vc_empty_space][\/vc_column][\/vc_row][vc_row css_animation=&#8221;&#8221; row_type=&#8221;row&#8221; use_row_as_full_screen_section=&#8221;no&#8221; type=&#8221;full_width&#8221; angled_section=&#8221;no&#8221; text_align=&#8221;left&#8221; background_image_as_pattern=&#8221;without_pattern&#8221; z_index=&#8221;&#8221; background_image=&#8221;838&#8243;][vc_column css=&#8221;.vc_custom_1622021135052{padding-right: 50px !important;padding-left: 50px !important;}&#8221;][vc_empty_space height=&#8221;60px&#8221;][vc_column_text]<\/p>\n<h6 style=\"text-align: center;\">A la resid\u00e8ncia Los Olivos pots gaudir d\u2019un entorn acollidor i hum\u00e0,<br \/>\nen el qual cada resident es sent dins d\u2019una fam\u00edlia, per viure la vellesa de forma plena.<\/h6>\n<p>[\/vc_column_text][vc_empty_space height=&#8221;60px&#8221;][\/vc_column][\/vc_row][vc_row css_animation=&#8221;&#8221; row_type=&#8221;row&#8221; use_row_as_full_screen_section=&#8221;no&#8221; type=&#8221;grid&#8221; angled_section=&#8221;no&#8221; text_align=&#8221;left&#8221; background_image_as_pattern=&#8221;without_pattern&#8221; z_index=&#8221;&#8221;][vc_column][vc_empty_space height=&#8221;60&#8243;][vc_column_text css=&#8221;&#8221;]<span style=\"color: #006633; font-family: 'Poppins', sans-serif; font-size: 40px; font-weight: 300;\">Atenci\u00f3 especialitzada en Alzheimer y altres dem\u00e8ncies<\/span>[\/vc_column_text][vc_empty_space height=&#8221;32&#8243;][vc_column_text css=&#8221;&#8221;]<\/p>\n<p data-start=\"647\" data-end=\"829\">A Resid\u00e8ncia <strong>Los olivos<\/strong> comptem amb un programa espec\u00edfic d&#8217;atenci\u00f3 a persones amb Alzheimer i altres dem\u00e8ncies, amb tractament no farmacol\u00f2gic i atenci\u00f3 adaptada a cada fase.<\/p>\n<p>&nbsp;<\/p>\n<p data-start=\"831\" data-end=\"915\"><span style=\"color: #006633;\"><a style=\"color: #006633;\" href=\"https:\/\/residenciaalzheimerbarcelona.com\/\">M\u00e9s informaci\u00f3 sobre la nostra unitat especialitzada a Alzheimer a Barcelona.<\/a><\/span><\/p>\n<p>[\/vc_column_text][vc_empty_space height=&#8221;60&#8243;][\/vc_column][\/vc_row][vc_row css_animation=&#8221;&#8221; row_type=&#8221;row&#8221; use_row_as_full_screen_section=&#8221;no&#8221; type=&#8221;full_width&#8221; angled_section=&#8221;no&#8221; text_align=&#8221;center&#8221; background_image_as_pattern=&#8221;without_pattern&#8221; z_index=&#8221;&#8221; css=&#8221;.vc_custom_1621323189688{background-color: #938676 !important;}&#8221;][vc_column width=&#8221;1\/2&#8243;][vc_empty_space][qode_elements_holder number_of_columns=&#8221;one_column&#8221;][qode_elements_holder_item advanced_animations=&#8221;no&#8221; item_padding=&#8221;40px 40px 40px 40px&#8221;][vc_column_text]<\/p>\n<h5 style=\"text-align: center;\">Contacte<\/h5>\n<p>[\/vc_column_text][vc_separator type=&#8221;small&#8221; position=&#8221;center&#8221; width_in_percentages=&#8221;yes&#8221; thickness=&#8221;1,5&#8243; color=&#8221;#ffffff&#8221; transparency=&#8221;1&#8243; width=&#8221;5&#8243;][vc_column_text]<\/p>\n<p class=\"parrafo\" style=\"text-align: center;\">El nostre tel\u00e8fon \u00e9s el\u00a0<strong><a style=\"color: #fff; font-weight: bold;\" href=\"tel:+34933587742\">933587742<\/a><\/strong> si ho prefereix, pot utilitzar el nostre formulari de contacte per fer-nos arribar un correu electr\u00f2nic.<\/p>\n<p class=\"parrafo\" style=\"text-align: center;\">Estarem encantats de respondre-li en la major brevetat possible.<\/p>\n<p>[\/vc_column_text][\/qode_elements_holder_item][\/qode_elements_holder][\/vc_column][vc_column width=&#8221;1\/2&#8243;][vc_empty_space][qode_elements_holder number_of_columns=&#8221;one_column&#8221;][qode_elements_holder_item advanced_animations=&#8221;no&#8221; item_padding=&#8221;40px 40px 40px 40px&#8221;][vc_column_text]<\/p>\n<h5 style=\"text-align: center;\">On som<\/h5>\n<p>[\/vc_column_text][vc_separator type=&#8221;small&#8221; position=&#8221;center&#8221; width_in_percentages=&#8221;yes&#8221; thickness=&#8221;1,5&#8243; color=&#8221;#ffffff&#8221; transparency=&#8221;1&#8243; width=&#8221;5&#8243;][vc_column_text]<\/p>\n<p class=\"parrafo\" style=\"text-align: center;\">La resid\u00e8ncia est\u00e0 localitzada al barri d&#8217;Horta.<\/p>\n<p class=\"parrafo\" style=\"text-align: center;\">T\u00e9 la parada de l&#8217;autob\u00fas davant de la porta, \u00e9s un bus (L\u00ednia V23) que recorre tot Barcelona, des de la Barceloneta fins al Carmel. Tamb\u00e9 es pot arribar amb el metro l\u00ednia 5 (blava) parada el Carmel. A m\u00e9s, si prefereix fer servir el cotxe, tenim p\u00e0rquing propi.<\/p>\n<p>[\/vc_column_text][\/qode_elements_holder_item][\/qode_elements_holder][\/vc_column][\/vc_row][vc_row css_animation=&#8221;&#8221; row_type=&#8221;row&#8221; use_row_as_full_screen_section=&#8221;no&#8221; type=&#8221;full_width&#8221; angled_section=&#8221;no&#8221; text_align=&#8221;center&#8221; background_image_as_pattern=&#8221;without_pattern&#8221; z_index=&#8221;&#8221;][vc_column css=&#8221;.vc_custom_1620290295253{background-color: #938676 !important;}&#8221;]<a  itemprop=\"url\" href=\"https:\/\/rlosolivos.com\/ca\/contacta\/\" target=\"_self\" data-hover-background-color='#938676' data-hover-border-color='#ffffff'  class=\"qbutton  medium center enlarge\" style=\"border-color: #ffffff; background-color: #938676;\">M\u00e9s informaci\u00f3<span aria-hidden=\"true\" class=\"qode_icon_font_elegant arrow_carrot-2right qode_button_icon_element\" style=\"color: #ffffff;\" ><\/span><\/a>[vc_empty_space height=&#8221;50px&#8221;][\/vc_column][\/vc_row][vc_row row_type=&#8221;parallax&#8221; parallax_content_width=&#8221;full_width&#8221; text_align=&#8221;center&#8221; full_screen_section_height=&#8221;no&#8221; parallax_speed=&#8221;1.5&#8243;][vc_column][vc_gmaps link=&#8221;#E-8_JTNDaWZyYW1lJTIwc3JjJTNEJTIyaHR0cHMlM0ElMkYlMkZ3d3cuZ29vZ2xlLmNvbSUyRm1hcHMlMkZlbWJlZCUzRnBiJTNEJTIxMW0xOCUyMTFtMTIlMjExbTMlMjExZDI5OTEuNzk3NjA1NzY4NTM2JTIxMmQyLjE1NzkzNTExNTMzNDEyMzMlMjEzZDQxLjQyMTkxMTk3OTI2MDk1NSUyMTJtMyUyMTFmMCUyMTJmMCUyMTNmMCUyMTNtMiUyMTFpMTAyNCUyMTJpNzY4JTIxNGYxMy4xJTIxM20zJTIxMW0yJTIxMXMweDEyYTRiZDRiNWM1ZWVmN2YlMjUzQTB4ZmEwNTU0ZDRjMGExMDY2OSUyMTJzUmVzaWRlbmNpYSUyNTIwTG9zJTI1MjBPbGl2b3MlMjE1ZTAlMjEzbTIlMjExc2VuJTIxMnNlcyUyMTR2MTYyMDY1MjY2NzgyNyUyMTVtMiUyMTFzZW4lMjEyc2VzJTIyJTIwd2lkdGglM0QlMjI2MDAlMjIlMjBoZWlnaHQlM0QlMjI0NTAlMjIlMjBzdHlsZSUzRCUyMmJvcmRlciUzQTAlM0IlMjIlMjBhbGxvd2Z1bGxzY3JlZW4lM0QlMjIlMjIlMjBsb2FkaW5nJTNEJTIybGF6eSUyMiUzRSUzQyUyRmlmcmFtZSUzRQ==&#8221;][\/vc_column][\/vc_row]<\/p>\n<\/div>","protected":false},"excerpt":{"rendered":"<p>[vc_row css_animation=&#8221;&#8221; row_type=&#8221;row&#8221; use_row_as_full_screen_section=&#8221;no&#8221; type=&#8221;full_width&#8221; angled_section=&#8221;no&#8221; text_align=&#8221;left&#8221; background_image_as_pattern=&#8221;without_pattern&#8221;][vc_column][rev_slider_vc alias=&#8221;inicio-cat&#8221;][\/vc_column][\/vc_row][vc_row css_animation=&#8221;&#8221; row_type=&#8221;row&#8221; use_row_as_full_screen_section=&#8221;no&#8221; type=&#8221;grid&#8221; angled_section=&#8221;no&#8221; text_align=&#8221;center&#8221; background_image_as_pattern=&#8221;without_pattern&#8221; z_index=&#8221;&#8221; background_color=&#8221;#ffffff&#8221;][vc_column][vc_empty_space][vc_column_text] Resid\u00e8ncia per a gent gran a Barcelona Benvinguts a la resid\u00e8ncia Los Olivos[\/vc_column_text][vc_empty_space][vc_column_text]A la cara nord de Barcelona, \u200b\u200bes troba la nostra resid\u00e8ncia i centre de dia&#8230;<\/p>\n","protected":false},"author":3,"featured_media":927,"parent":0,"menu_order":0,"comment_status":"closed","ping_status":"closed","template":"full_width.php","meta":{"footnotes":""},"yst_prominent_words":[],"class_list":["post-880","page","type-page","status-publish","has-post-thumbnail","hentry"],"_links":{"self":[{"href":"https:\/\/rlosolivos.com\/ca\/wp-json\/wp\/v2\/pages\/880","targetHints":{"allow":["GET"]}}],"collection":[{"href":"https:\/\/rlosolivos.com\/ca\/wp-json\/wp\/v2\/pages"}],"about":[{"href":"https:\/\/rlosolivos.com\/ca\/wp-json\/wp\/v2\/types\/page"}],"author":[{"embeddable":true,"href":"https:\/\/rlosolivos.com\/ca\/wp-json\/wp\/v2\/users\/3"}],"replies":[{"embeddable":true,"href":"https:\/\/rlosolivos.com\/ca\/wp-json\/wp\/v2\/comments?post=880"}],"version-history":[{"count":30,"href":"https:\/\/rlosolivos.com\/ca\/wp-json\/wp\/v2\/pages\/880\/revisions"}],"predecessor-version":[{"id":1117,"href":"https:\/\/rlosolivos.com\/ca\/wp-json\/wp\/v2\/pages\/880\/revisions\/1117"}],"wp:featuredmedia":[{"embeddable":true,"href":"https:\/\/rlosolivos.com\/ca\/wp-json\/wp\/v2\/media\/927"}],"wp:attachment":[{"href":"https:\/\/rlosolivos.com\/ca\/wp-json\/wp\/v2\/media?parent=880"}],"wp:term":[{"taxonomy":"yst_prominent_words","embeddable":true,"href":"https:\/\/rlosolivos.com\/ca\/wp-json\/wp\/v2\/yst_prominent_words?post=880"}],"curies":[{"name":"wp","href":"https:\/\/api.w.org\/{rel}","templated":true}]}}